{"id":1052,"date":"2024-09-16T05:02:13","date_gmt":"2024-09-16T05:02:13","guid":{"rendered":"https:\/\/groding.com\/?page_id=1052"},"modified":"2026-04-24T14:53:43","modified_gmt":"2026-04-24T14:53:43","slug":"etusivu","status":"publish","type":"page","link":"https:\/\/groding.com\/?page_id=1052&lang=fi","title":{"rendered":"Etusivu"},"content":{"rendered":"\n<div class=\"wp-block-columns is-layout-flex wp-container-core-columns-is-layout-9d6595d7 wp-block-columns-is-layout-flex\">\n<div class=\"wp-block-column is-layout-flow wp-block-column-is-layout-flow\">\n<h3 class=\"gb-headline gb-headline-d726acc7 gb-headline-text\"><strong><strong>Verkkokehitys<\/strong><\/strong><\/h3>\n\n\n\n<p style=\"font-size:18px\">Tarjoamme verkkokehityspalvelua, jonka avulla myyntisi voi kasvaa ja auttaa sinua kasvattamaan yrityst\u00e4si. Jos olet aloittelija, verkkokehitys voi olla haastavaa \u2013 opetamme sinulle ja annamme sinulle tarpeeksi yksityiskohtia, jotta voit nauttia ja oppia sit\u00e4. Toinen vaihtoehto on ett\u00e4 teemme kaiken puolestasi, jotta voit rentoutua ja keskitty\u00e4 liiketoiminnan johtamiseen.<\/p>\n<\/div>\n\n\n\n<div class=\"wp-block-column is-layout-flow wp-block-column-is-layout-flow\">\n<h3 class=\"gb-headline gb-headline-d897440f gb-headline-text\"><strong><strong>Edullinen ratkaisu kaikkiin luovuustarpeisiisi<\/strong><\/strong><\/h3>\n\n\n\n<p style=\"font-size:18px\">Alue, johon olemme keskittyneet eniten, on web-suunnittelu. Rakennamme verkkosivustoja, joissa on helppo liikkua ja jotka ovat graafisesti houkuttelevia. Tarjoamme kaksi erilaista vaihtoehtoa, dynaamiset ja staattiset verkkosivut. Staattinen on ns kiinte\u00e4 sivusto. Et p\u00e4ivit\u00e4 sit\u00e4 niin usein kuin dynaamista, joka on elinvoimaisempi. Dynamiikan avulla voit p\u00e4ivitt\u00e4\u00e4 teksti\u00e4 ja kuvia itse milloin haluat. Olemme sitoutuneet laajentamaan kyky\u00e4mme oppia uusia asioita ja pyrimme aina tuottamaan parasta laatua asiakkaillemme.<\/p>\n<\/div>\n<\/div>\n\n\n\n<div class=\"wp-block-columns is-layout-flex wp-container-core-columns-is-layout-9d6595d7 wp-block-columns-is-layout-flex\">\n<div class=\"wp-block-column is-layout-flow wp-block-column-is-layout-flow\">\n<h3 class=\"gb-headline gb-headline-295c8455 gb-headline-text\"><strong><strong>Verkkosuunnittelu<\/strong><\/strong><\/h3>\n\n\n\n<p style=\"font-size:18px\">K\u00e4yt\u00e4mme graafista suunnittelua, kuten Adobe Photoshop, Illustrator ja InDesign kun luodaksemme logoja, grafiikoita ja asetteluja, jotka m\u00e4\u00e4ritt\u00e4v\u00e4t verkkosivuston ulkoasun. Kauniita r\u00e4\u00e4t\u00e4l\u00f6ityj\u00e4 malleja, jotka on r\u00e4\u00e4t\u00e4l\u00f6ity yrityksellesi. Vastaa optimaaliseen katseluun mill\u00e4 tahansa laitteella. Rakennettu mille tahansa alustalle. Yll\u00e4pito sis\u00e4ltyy suunnittelupakettiin. Asiakaspalvelu. L\u00f6yd\u00e4mme aina 24\/7 ratkaisuja ongelmiin. Mik\u00e4\u00e4n ongelma ei ole liian iso tai pieni.<\/p>\n<\/div>\n\n\n\n<div class=\"wp-block-column is-layout-flow wp-block-column-is-layout-flow\">\n<h3 class=\"gb-headline gb-headline-25062f5b gb-headline-text\"><strong><strong>Graafinen suunnittelu<\/strong><\/strong><\/h3>\n\n\n\n<p style=\"font-size:18px\">T\u00e4rkeimm\u00e4t asiat eiv\u00e4t ole asioita. Joten suunnittelemme kokemuksia. Suunnittelemme haluamasi kokemuksen. Jos etsit graafisen suunnittelun inspiraatiota, olet tullut oikeaan paikkaan! Havaintokyky ja analyyttinen ajattelu ovat t\u00e4rkeit\u00e4 ty\u00f6kaluja graafisessa suunnittelussa. K\u00e4yt\u00e4mme erilaisia \u200b\u200bmenetelmi\u00e4 taiteen ja tekniikan yhdist\u00e4miseksi kommunikoidaksemme tietyn viestin ja luodakseen vaikuttavan kuvan. Graafinen suunnittelu viestii br\u00e4ndist\u00e4si ja viestist\u00e4si visuaalisesti vaikuttavilla yrityslogoilla, lumoavilla esitteill\u00e4, influenssarin uutiskirjeill\u00e4 ja fantastisilla julisteilla.<\/p>\n<\/div>\n<\/div>\n\n\n\n<figure class=\"wp-block-image\"><img loading=\"lazy\" decoding=\"async\" width=\"2497\" height=\"1500\" src=\"https:\/\/groding-com.preview-domain.com\/wp-content\/uploads\/2018\/10\/pexels-photo-257897.jpeg\" alt=\"\" class=\"wp-image-111\" srcset=\"https:\/\/groding.com\/wp-content\/uploads\/2018\/10\/pexels-photo-257897.jpeg 2497w, https:\/\/groding.com\/wp-content\/uploads\/2018\/10\/pexels-photo-257897-300x180.jpeg 300w, https:\/\/groding.com\/wp-content\/uploads\/2018\/10\/pexels-photo-257897-1024x615.jpeg 1024w, https:\/\/groding.com\/wp-content\/uploads\/2018\/10\/pexels-photo-257897-768x461.jpeg 768w, https:\/\/groding.com\/wp-content\/uploads\/2018\/10\/pexels-photo-257897-1536x923.jpeg 1536w, https:\/\/groding.com\/wp-content\/uploads\/2018\/10\/pexels-photo-257897-2048x1230.jpeg 2048w\" sizes=\"auto, (max-width: 2497px) 100vw, 2497px\" \/><\/figure>\n\n\n\n<div class=\"wp-block-columns is-layout-flex wp-container-core-columns-is-layout-9d6595d7 wp-block-columns-is-layout-flex\">\n<div class=\"wp-block-column is-layout-flow wp-block-column-is-layout-flow\">\n<h3 class=\"gb-headline gb-headline-ddcb77e4 gb-headline-text\"><strong><strong>Verkkosuunnittelu<\/strong><\/strong><\/h3>\n\n\n\n<p style=\"font-size:18px\">K\u00e4yt\u00e4mme graafista suunnittelua, kuten Adobe Photoshop, Illustrator ja InDesign kun luodaksemme logoja, grafiikoita ja asetteluja, jotka m\u00e4\u00e4ritt\u00e4v\u00e4t verkkosivuston ulkoasun. Kauniita r\u00e4\u00e4t\u00e4l\u00f6ityj\u00e4 malleja, jotka on r\u00e4\u00e4t\u00e4l\u00f6ity yrityksellesi. Vastaa optimaaliseen katseluun mill\u00e4 tahansa laitteella. Rakennettu mille tahansa alustalle. Yll\u00e4pito sis\u00e4ltyy suunnittelupakettiin. Asiakaspalvelu. L\u00f6yd\u00e4mme aina 24\/7 ratkaisuja ongelmiin. Mik\u00e4\u00e4n ongelma ei ole liian iso tai pieni.<\/p>\n<\/div>\n\n\n\n<div class=\"wp-block-column is-layout-flow wp-block-column-is-layout-flow\">\n<h3 class=\"gb-headline gb-headline-6665b1fa gb-headline-text\"><strong><strong>Graafinen suunnittelu<\/strong><\/strong><\/h3>\n\n\n\n<p style=\"font-size:18px\">T\u00e4rkeimm\u00e4t asiat eiv\u00e4t ole asioita. Joten suunnittelemme kokemuksia. Suunnittelemme haluamasi kokemuksen. Jos etsit graafisen suunnittelun inspiraatiota, olet tullut oikeaan paikkaan! Havaintokyky ja analyyttinen ajattelu ovat t\u00e4rkeit\u00e4 ty\u00f6kaluja graafisessa suunnittelussa. K\u00e4yt\u00e4mme erilaisia \u200b\u200bmenetelmi\u00e4 taiteen ja tekniikan yhdist\u00e4miseksi kommunikoidaksemme tietyn viestin ja luodakseen vaikuttavan kuvan. Graafinen suunnittelu viestii br\u00e4ndist\u00e4si ja viestist\u00e4si visuaalisesti vaikuttavilla yrityslogoilla, lumoavilla esitteill\u00e4, influenssarin uutiskirjeill\u00e4 ja fantastisilla julisteilla.<\/p>\n<\/div>\n<\/div>\n\n\n\n<div class=\"wp-block-columns is-layout-flex wp-container-core-columns-is-layout-9d6595d7 wp-block-columns-is-layout-flex\">\n<div class=\"wp-block-column is-layout-flow wp-block-column-is-layout-flow\">\n<h3 class=\"gb-headline gb-headline-dc9e2511 gb-headline-text\"><strong><strong><strong>Iskulauseiden luominen<\/strong><\/strong><\/strong><\/h3>\n\n\n\n<p style=\"font-size:18px\">Luomme houkuttelevan viestin, joka kuvastaa sit\u00e4, kuinka haluat yrityksesi havaittavan. Johdonmukainen br\u00e4nd\u00e4ys on t\u00e4rke\u00e4\u00e4, jos olet pieni yritys tai kotitalouksien nimi. Varmista, ett\u00e4 yrityksesi logot t\u00e4ydent\u00e4v\u00e4t olemassa olevaa logoa, yrityksen nime\u00e4 ja heijastettua kuvaa. Jos luot uuden tuotteen tai yrityksen avainsanan, tarvitset jotain, joka edustaa tuotemerkki\u00e4si ja on helppo muistaa.<\/p>\n<\/div>\n\n\n\n<div class=\"wp-block-column is-layout-flow wp-block-column-is-layout-flow\">\n<h3 class=\"gb-headline gb-headline-8200bce1 gb-headline-text\"><strong><strong><strong>SEO<\/strong><\/strong><\/strong><\/h3>\n\n\n\n<p style=\"font-size:18px\">SEO tarkoittaa \u201dhakukoneoptimointia\u201d. Se on prosessi, jolla liikenne saadaan \u201dilmaisilta\u201d, \u201dorgaanisilta\u201d, \u201dtoimituksellisilta\u201d tai \u201dluonnollisilta\u201d hakutuloksilta hakukoneissa. Kaikilla suurilla hakukoneilla, kuten Google, Bing ja Yahoo, on ensisijaiset hakutulokset, joissa verkkosivut ja muu sis\u00e4lt\u00f6, kuten video tai paikalliset tiedot, n\u00e4ytet\u00e4\u00e4n ja sijoitetaan sen perusteella, mit\u00e4 hakukone pit\u00e4\u00e4 k\u00e4ytt\u00e4jien kannalta merkityksellisimm\u00e4n\u00e4.<\/p>\n<\/div>\n<\/div>\n\n\n\n<div class=\"wp-block-columns is-layout-flex wp-container-core-columns-is-layout-9d6595d7 wp-block-columns-is-layout-flex\">\n<div class=\"wp-block-column is-layout-flow wp-block-column-is-layout-flow\">\n<h3 class=\"gb-headline gb-headline-edad1637 gb-headline-text\"><strong><strong><strong>Tiedonkeruu<\/strong><\/strong><\/strong><\/h3>\n\n\n\n<p style=\"font-size:18px\">Suunnittelemme, hallitsemme ja kehit\u00e4mme sinulle sopivia r\u00e4\u00e4t\u00e4l\u00f6ityj\u00e4 verkkosovelluksia.<\/p>\n<\/div>\n\n\n\n<div class=\"wp-block-column is-layout-flow wp-block-column-is-layout-flow\">\n<h3 class=\"gb-headline gb-headline-79d0ddfd gb-headline-text\"><strong><strong><strong>Hakukoneen<\/strong><\/strong><\/strong><\/h3>\n\n\n\n<p style=\"font-size:18px\">Inspiroimme, luomme ja julkaisemme verkkoprojektiasi.<\/p>\n<\/div>\n<\/div>\n\n\n\n<div class=\"wp-block-columns is-layout-flex wp-container-core-columns-is-layout-9d6595d7 wp-block-columns-is-layout-flex\">\n<div class=\"wp-block-column is-layout-flow wp-block-column-is-layout-flow\">\n<h3 class=\"gb-headline gb-headline-84889ec0 gb-headline-text\"><strong><strong><strong><strong>Vastuullinen muotoilu<\/strong><\/strong><\/strong><\/strong><\/h3>\n\n\n\n<p style=\"font-size:18px\">Responsiivisen suunnittelun tavoitteena on v\u00e4ltt\u00e4\u00e4 tarpeetonta koon muuttamista, vierityst\u00e4, zoomaamista tai panorointia, joka tapahtuu verkkosivustoilla, joita ei ole optimoitu eri laitteille. N\u00e4ill\u00e4 sivustoilla navigointi on usein eritt\u00e4in vaikeaa, ja se voi jopa maksaa sinulle potentiaalisille asiakkaille, jotka turhautuvat yritt\u00e4ess\u00e4\u00e4n selvitt\u00e4\u00e4, miten tehd\u00e4 jotain. Voimme auttaa sinua muuttamaan verkkosivustosi vastaamaan tai tekem\u00e4\u00e4n sinusta uuden sivuston, joka on reagoiva alusta alkaen.<\/p>\n<\/div>\n\n\n\n<div class=\"wp-block-column is-layout-flow wp-block-column-is-layout-flow\">\n<h3 class=\"gb-headline gb-headline-744016ee gb-headline-text\"><strong><strong><strong><strong>Sosiaalinen media<\/strong><\/strong><\/strong><\/strong><\/h3>\n\n\n\n<p style=\"font-size:18px\">Sosiaalisen median markkinointi on tehokas tapa kaiken kokoisille yrityksille tavoittaa asiakkaita ja asiakkaita. Asiakkaasi ovat jo vuorovaikutuksessa tuotemerkkien kanssa sosiaalisen median kautta, ja jos et puhu suoraan yleis\u00f6llesi sosiaalisten alustojen kautta, menet\u00e4t ik\u00e4v\u00e4si! Hyv\u00e4 sosiaalisen median markkinointi voi tuoda menestyst\u00e4 yrityksellesi, luoda omistautuneita tuotemerkkien edustajia ja jopa johtaa johtaa ja myynti\u00e4.<\/p>\n<\/div>\n<\/div>\n\n\n\n<figure class=\"wp-block-image size-full\"><img loading=\"lazy\" decoding=\"async\" width=\"1046\" height=\"389\" src=\"https:\/\/groding.com\/wp-content\/uploads\/2020\/01\/1212121v4-2.jpg\" alt=\"Osa asiakkaamme\" class=\"wp-image-839\" srcset=\"https:\/\/groding.com\/wp-content\/uploads\/2020\/01\/1212121v4-2.jpg 1046w, https:\/\/groding.com\/wp-content\/uploads\/2020\/01\/1212121v4-2-300x112.jpg 300w, https:\/\/groding.com\/wp-content\/uploads\/2020\/01\/1212121v4-2-1024x381.jpg 1024w, https:\/\/groding.com\/wp-content\/uploads\/2020\/01\/1212121v4-2-768x286.jpg 768w\" sizes=\"auto, (max-width: 1046px) 100vw, 1046px\" \/><\/figure>\n\n\n\n<h3 class=\"wp-block-heading\">Ota rohkeasti yhteytt\u00e4 meid\u00e4n lomakkeen kautta<\/h3>\n\n\n\n<div class=\"wpcf7 no-js\" id=\"wpcf7-f1061-o1\" lang=\"en-US\" dir=\"ltr\" data-wpcf7-id=\"1061\">\n<div class=\"screen-reader-response\"><p role=\"status\" aria-live=\"polite\" aria-atomic=\"true\"><\/p> <ul><\/ul><\/div>\n<form action=\"\/index.php?rest_route=%2Fwp%2Fv2%2Fpages%2F1052#wpcf7-f1061-o1\" method=\"post\" class=\"wpcf7-form init\" aria-label=\"Contact form\" novalidate=\"novalidate\" data-status=\"init\">\n<fieldset class=\"hidden-fields-container\"><input type=\"hidden\" name=\"_wpcf7\" value=\"1061\" \/><input type=\"hidden\" name=\"_wpcf7_version\" value=\"6.1.5\" \/><input type=\"hidden\" name=\"_wpcf7_locale\" value=\"en_US\" \/><input type=\"hidden\" name=\"_wpcf7_unit_tag\" value=\"wpcf7-f1061-o1\" \/><input type=\"hidden\" name=\"_wpcf7_container_post\" value=\"0\" \/><input type=\"hidden\" name=\"_wpcf7_posted_data_hash\" value=\"\" \/><input type=\"hidden\" name=\"_wpcf7_recaptcha_response\" value=\"\" \/>\n<\/fieldset>\n<p><label> Nimesi(pakollinen)<br \/>\n<span class=\"wpcf7-form-control-wrap\" data-name=\"your-name\"><input size=\"40\" maxlength=\"400\" class=\"wpcf7-form-control wpcf7-text wpcf7-validates-as-required\" aria-required=\"true\" aria-invalid=\"false\" value=\"\" type=\"text\" name=\"your-name\" \/><\/span> <\/label>\n<\/p>\n<p><label> S\u00e4hk\u00f6postisi (pakollinen)<br \/>\n<span class=\"wpcf7-form-control-wrap\" data-name=\"your-email\"><input size=\"40\" maxlength=\"400\" class=\"wpcf7-form-control wpcf7-email wpcf7-validates-as-required wpcf7-text wpcf7-validates-as-email\" aria-required=\"true\" aria-invalid=\"false\" value=\"\" type=\"email\" name=\"your-email\" \/><\/span> <\/label>\n<\/p>\n<p><label> Aihe<br \/>\n<span class=\"wpcf7-form-control-wrap\" data-name=\"your-subject\"><input size=\"40\" maxlength=\"400\" class=\"wpcf7-form-control wpcf7-text\" aria-invalid=\"false\" value=\"\" type=\"text\" name=\"your-subject\" \/><\/span> <\/label>\n<\/p>\n<p><label> Viesti<br \/>\n<span class=\"wpcf7-form-control-wrap\" data-name=\"your-message\"><textarea cols=\"40\" rows=\"10\" maxlength=\"2000\" class=\"wpcf7-form-control wpcf7-textarea\" aria-invalid=\"false\" name=\"your-message\"><\/textarea><\/span> <\/label>\n<\/p>\n<p><input class=\"wpcf7-form-control wpcf7-submit has-spinner\" type=\"submit\" value=\"L\u00e4het\u00e4\" \/>\n<\/p><div class=\"wpcf7-response-output\" aria-hidden=\"true\"><\/div>\n<\/form>\n<\/div>\n\n","protected":false},"excerpt":{"rendered":"<p>Verkkokehitys Tarjoamme verkkokehityspalvelua, jonka avulla myyntisi voi kasvaa ja auttaa sinua kasvattamaan yrityst\u00e4si. Jos olet aloittelija, verkkokehitys voi olla haastavaa \u2013 opetamme sinulle ja annamme sinulle tarpeeksi yksityiskohtia, jotta voit nauttia ja oppia sit\u00e4. Toinen vaihtoehto on ett\u00e4 teemme kaiken puolestasi, jotta voit rentoutua ja keskitty\u00e4 liiketoiminnan johtamiseen. Edullinen ratkaisu kaikkiin luovuustarpeisiisi Alue, johon olemme &#8230; <a title=\"Etusivu\" class=\"read-more\" href=\"https:\/\/groding.com\/?page_id=1052&#038;lang=fi\" aria-label=\"Read more about Etusivu\">Read more<\/a><\/p>\n","protected":false},"author":1,"featured_media":0,"parent":0,"menu_order":0,"comment_status":"closed","ping_status":"closed","template":"","meta":{"_uag_custom_page_level_css":"","footnotes":""},"class_list":["post-1052","page","type-page","status-publish"],"yoast_head":"<!-- This site is optimized with the Yoast SEO plugin v27.4 - https:\/\/yoast.com\/product\/yoast-seo-wordpress\/ -->\n<title>Etusivu - Groding Design<\/title>\n<meta name=\"description\" content=\"T\u00e4rkeimm\u00e4t asiat eiv\u00e4t ole asioita. Joten suunnittelemme kokemuksia.\" \/>\n<meta name=\"robots\" content=\"index, follow, max-snippet:-1, max-image-preview:large, max-video-preview:-1\" \/>\n<link rel=\"canonical\" href=\"https:\/\/groding.com\/?page_id=1052&lang=fi\" \/>\n<meta property=\"og:locale\" content=\"en_US\" \/>\n<meta property=\"og:type\" content=\"article\" \/>\n<meta property=\"og:title\" content=\"Etusivu - Groding Design\" \/>\n<meta property=\"og:description\" content=\"T\u00e4rkeimm\u00e4t asiat eiv\u00e4t ole asioita. Joten suunnittelemme kokemuksia.\" \/>\n<meta property=\"og:url\" content=\"https:\/\/groding.com\/?page_id=1052&amp;lang=fi\" \/>\n<meta property=\"og:site_name\" content=\"Groding Design\" \/>\n<meta property=\"article:modified_time\" content=\"2026-04-24T14:53:43+00:00\" \/>\n<meta property=\"og:image\" content=\"https:\/\/groding.com\/wp-content\/uploads\/2018\/10\/pexels-photo-257897.jpeg\" \/>\n\t<meta property=\"og:image:width\" content=\"2497\" \/>\n\t<meta property=\"og:image:height\" content=\"1500\" \/>\n\t<meta property=\"og:image:type\" content=\"image\/jpeg\" \/>\n<meta name=\"twitter:card\" content=\"summary_large_image\" \/>\n<meta name=\"twitter:label1\" content=\"Est. reading time\" \/>\n\t<meta name=\"twitter:data1\" content=\"3 minutes\" \/>\n<script type=\"application\/ld+json\" class=\"yoast-schema-graph\">{\"@context\":\"https:\\\/\\\/schema.org\",\"@graph\":[{\"@type\":\"WebPage\",\"@id\":\"https:\\\/\\\/groding.com\\\/?page_id=1052&lang=fi\",\"url\":\"https:\\\/\\\/groding.com\\\/?page_id=1052&lang=fi\",\"name\":\"Etusivu - Groding Design\",\"isPartOf\":{\"@id\":\"https:\\\/\\\/groding.com\\\/#website\"},\"primaryImageOfPage\":{\"@id\":\"https:\\\/\\\/groding.com\\\/?page_id=1052&lang=fi#primaryimage\"},\"image\":{\"@id\":\"https:\\\/\\\/groding.com\\\/?page_id=1052&lang=fi#primaryimage\"},\"thumbnailUrl\":\"https:\\\/\\\/groding-com.preview-domain.com\\\/wp-content\\\/uploads\\\/2018\\\/10\\\/pexels-photo-257897.jpeg\",\"datePublished\":\"2024-09-16T05:02:13+00:00\",\"dateModified\":\"2026-04-24T14:53:43+00:00\",\"description\":\"T\u00e4rkeimm\u00e4t asiat eiv\u00e4t ole asioita. Joten suunnittelemme kokemuksia.\",\"breadcrumb\":{\"@id\":\"https:\\\/\\\/groding.com\\\/?page_id=1052&lang=fi#breadcrumb\"},\"inLanguage\":\"en-US\",\"potentialAction\":[{\"@type\":\"ReadAction\",\"target\":[\"https:\\\/\\\/groding.com\\\/?page_id=1052&lang=fi\"]}]},{\"@type\":\"ImageObject\",\"inLanguage\":\"en-US\",\"@id\":\"https:\\\/\\\/groding.com\\\/?page_id=1052&lang=fi#primaryimage\",\"url\":\"https:\\\/\\\/groding-com.preview-domain.com\\\/wp-content\\\/uploads\\\/2018\\\/10\\\/pexels-photo-257897.jpeg\",\"contentUrl\":\"https:\\\/\\\/groding-com.preview-domain.com\\\/wp-content\\\/uploads\\\/2018\\\/10\\\/pexels-photo-257897.jpeg\"},{\"@type\":\"BreadcrumbList\",\"@id\":\"https:\\\/\\\/groding.com\\\/?page_id=1052&lang=fi#breadcrumb\",\"itemListElement\":[{\"@type\":\"ListItem\",\"position\":1,\"name\":\"Home\",\"item\":\"https:\\\/\\\/groding.com\\\/\"},{\"@type\":\"ListItem\",\"position\":2,\"name\":\"Etusivu\"}]},{\"@type\":\"WebSite\",\"@id\":\"https:\\\/\\\/groding.com\\\/#website\",\"url\":\"https:\\\/\\\/groding.com\\\/\",\"name\":\"Groding Design\",\"description\":\"\",\"publisher\":{\"@id\":\"https:\\\/\\\/groding.com\\\/#organization\"},\"potentialAction\":[{\"@type\":\"SearchAction\",\"target\":{\"@type\":\"EntryPoint\",\"urlTemplate\":\"https:\\\/\\\/groding.com\\\/?s={search_term_string}\"},\"query-input\":{\"@type\":\"PropertyValueSpecification\",\"valueRequired\":true,\"valueName\":\"search_term_string\"}}],\"inLanguage\":\"en-US\"},{\"@type\":\"Organization\",\"@id\":\"https:\\\/\\\/groding.com\\\/#organization\",\"name\":\"Groding Design\",\"url\":\"https:\\\/\\\/groding.com\\\/\",\"logo\":{\"@type\":\"ImageObject\",\"inLanguage\":\"en-US\",\"@id\":\"https:\\\/\\\/groding.com\\\/#\\\/schema\\\/logo\\\/image\\\/\",\"url\":\"https:\\\/\\\/groding.com\\\/wp-content\\\/uploads\\\/2018\\\/10\\\/1.png\",\"contentUrl\":\"https:\\\/\\\/groding.com\\\/wp-content\\\/uploads\\\/2018\\\/10\\\/1.png\",\"width\":685,\"height\":183,\"caption\":\"Groding Design\"},\"image\":{\"@id\":\"https:\\\/\\\/groding.com\\\/#\\\/schema\\\/logo\\\/image\\\/\"}}]}<\/script>\n<!-- \/ Yoast SEO plugin. -->","yoast_head_json":{"title":"Etusivu - Groding Design","description":"T\u00e4rkeimm\u00e4t asiat eiv\u00e4t ole asioita. Joten suunnittelemme kokemuksia.","robots":{"index":"index","follow":"follow","max-snippet":"max-snippet:-1","max-image-preview":"max-image-preview:large","max-video-preview":"max-video-preview:-1"},"canonical":"https:\/\/groding.com\/?page_id=1052&lang=fi","og_locale":"en_US","og_type":"article","og_title":"Etusivu - Groding Design","og_description":"T\u00e4rkeimm\u00e4t asiat eiv\u00e4t ole asioita. Joten suunnittelemme kokemuksia.","og_url":"https:\/\/groding.com\/?page_id=1052&lang=fi","og_site_name":"Groding Design","article_modified_time":"2026-04-24T14:53:43+00:00","og_image":[{"width":2497,"height":1500,"url":"https:\/\/groding.com\/wp-content\/uploads\/2018\/10\/pexels-photo-257897.jpeg","type":"image\/jpeg"}],"twitter_card":"summary_large_image","twitter_misc":{"Est. reading time":"3 minutes"},"schema":{"@context":"https:\/\/schema.org","@graph":[{"@type":"WebPage","@id":"https:\/\/groding.com\/?page_id=1052&lang=fi","url":"https:\/\/groding.com\/?page_id=1052&lang=fi","name":"Etusivu - Groding Design","isPartOf":{"@id":"https:\/\/groding.com\/#website"},"primaryImageOfPage":{"@id":"https:\/\/groding.com\/?page_id=1052&lang=fi#primaryimage"},"image":{"@id":"https:\/\/groding.com\/?page_id=1052&lang=fi#primaryimage"},"thumbnailUrl":"https:\/\/groding-com.preview-domain.com\/wp-content\/uploads\/2018\/10\/pexels-photo-257897.jpeg","datePublished":"2024-09-16T05:02:13+00:00","dateModified":"2026-04-24T14:53:43+00:00","description":"T\u00e4rkeimm\u00e4t asiat eiv\u00e4t ole asioita. Joten suunnittelemme kokemuksia.","breadcrumb":{"@id":"https:\/\/groding.com\/?page_id=1052&lang=fi#breadcrumb"},"inLanguage":"en-US","potentialAction":[{"@type":"ReadAction","target":["https:\/\/groding.com\/?page_id=1052&lang=fi"]}]},{"@type":"ImageObject","inLanguage":"en-US","@id":"https:\/\/groding.com\/?page_id=1052&lang=fi#primaryimage","url":"https:\/\/groding-com.preview-domain.com\/wp-content\/uploads\/2018\/10\/pexels-photo-257897.jpeg","contentUrl":"https:\/\/groding-com.preview-domain.com\/wp-content\/uploads\/2018\/10\/pexels-photo-257897.jpeg"},{"@type":"BreadcrumbList","@id":"https:\/\/groding.com\/?page_id=1052&lang=fi#breadcrumb","itemListElement":[{"@type":"ListItem","position":1,"name":"Home","item":"https:\/\/groding.com\/"},{"@type":"ListItem","position":2,"name":"Etusivu"}]},{"@type":"WebSite","@id":"https:\/\/groding.com\/#website","url":"https:\/\/groding.com\/","name":"Groding Design","description":"","publisher":{"@id":"https:\/\/groding.com\/#organization"},"potentialAction":[{"@type":"SearchAction","target":{"@type":"EntryPoint","urlTemplate":"https:\/\/groding.com\/?s={search_term_string}"},"query-input":{"@type":"PropertyValueSpecification","valueRequired":true,"valueName":"search_term_string"}}],"inLanguage":"en-US"},{"@type":"Organization","@id":"https:\/\/groding.com\/#organization","name":"Groding Design","url":"https:\/\/groding.com\/","logo":{"@type":"ImageObject","inLanguage":"en-US","@id":"https:\/\/groding.com\/#\/schema\/logo\/image\/","url":"https:\/\/groding.com\/wp-content\/uploads\/2018\/10\/1.png","contentUrl":"https:\/\/groding.com\/wp-content\/uploads\/2018\/10\/1.png","width":685,"height":183,"caption":"Groding Design"},"image":{"@id":"https:\/\/groding.com\/#\/schema\/logo\/image\/"}}]}},"uagb_featured_image_src":{"full":false,"thumbnail":false,"medium":false,"medium_large":false,"large":false,"1536x1536":false,"2048x2048":false},"uagb_author_info":{"display_name":"admin4431","author_link":"https:\/\/groding.com\/?author=1"},"uagb_comment_info":0,"uagb_excerpt":"Verkkokehitys Tarjoamme verkkokehityspalvelua, jonka avulla myyntisi voi kasvaa ja auttaa sinua kasvattamaan yrityst\u00e4si. Jos olet aloittelija, verkkokehitys voi olla haastavaa \u2013 opetamme sinulle ja annamme sinulle tarpeeksi yksityiskohtia, jotta voit nauttia ja oppia sit\u00e4. Toinen vaihtoehto on ett\u00e4 teemme kaiken puolestasi, jotta voit rentoutua ja keskitty\u00e4 liiketoiminnan johtamiseen. Edullinen ratkaisu kaikkiin luovuustarpeisiisi Alue, johon olemme&hellip;","_links":{"self":[{"href":"https:\/\/groding.com\/index.php?rest_route=\/wp\/v2\/pages\/1052","targetHints":{"allow":["GET"]}}],"collection":[{"href":"https:\/\/groding.com\/index.php?rest_route=\/wp\/v2\/pages"}],"about":[{"href":"https:\/\/groding.com\/index.php?rest_route=\/wp\/v2\/types\/page"}],"author":[{"embeddable":true,"href":"https:\/\/groding.com\/index.php?rest_route=\/wp\/v2\/users\/1"}],"replies":[{"embeddable":true,"href":"https:\/\/groding.com\/index.php?rest_route=%2Fwp%2Fv2%2Fcomments&post=1052"}],"version-history":[{"count":4,"href":"https:\/\/groding.com\/index.php?rest_route=\/wp\/v2\/pages\/1052\/revisions"}],"predecessor-version":[{"id":1121,"href":"https:\/\/groding.com\/index.php?rest_route=\/wp\/v2\/pages\/1052\/revisions\/1121"}],"wp:attachment":[{"href":"https:\/\/groding.com\/index.php?rest_route=%2Fwp%2Fv2%2Fmedia&parent=1052"}],"curies":[{"name":"wp","href":"https:\/\/api.w.org\/{rel}","templated":true}]}}