{"id":1054,"date":"2024-09-16T05:03:09","date_gmt":"2024-09-16T05:03:09","guid":{"rendered":"https:\/\/groding.com\/?page_id=1054"},"modified":"2024-12-13T11:31:53","modified_gmt":"2024-12-13T11:31:53","slug":"framsida","status":"publish","type":"page","link":"https:\/\/groding.com\/?page_id=1054&lang=sv","title":{"rendered":"Framsida"},"content":{"rendered":"<div class=\"gb-container gb-container-02e2fb3c\">\n\n<div class=\"wp-block-columns is-layout-flex wp-container-core-columns-is-layout-9d6595d7 wp-block-columns-is-layout-flex\">\n<div class=\"wp-block-column is-layout-flow wp-block-column-is-layout-flow\">\n<h3 class=\"gb-headline gb-headline-d726acc7 gb-headline-text\"><strong>Webbutveckling<\/strong><\/h3>\n\n\n\n<p style=\"font-size:18px\">Vi erbjuder en webbutvecklingstj\u00e4nst som g\u00f6r det m\u00f6jligt f\u00f6r din f\u00f6rs\u00e4ljning att v\u00e4xa och hj\u00e4lpa dig att expandera verksamheten. Om du \u00e4r nyb\u00f6rjare kan webbutveckling vara utmanande \u2013 vi l\u00e4r dig och ger tillr\u00e4ckligt med detaljer f\u00f6r att du ska trivas och l\u00e4ra dig det. Alternativ tv\u00e5 \u00e4r att vi g\u00f6r allt f\u00f6r dig s\u00e5 att du kan l\u00e4gga dig tillbaka, koppla av och fokusera p\u00e5 att driva din verksamhet.<\/p>\n<\/div>\n\n\n\n<div class=\"wp-block-column is-layout-flow wp-block-column-is-layout-flow\">\n<h3 class=\"gb-headline gb-headline-d897440f gb-headline-text\"><strong>Prisv\u00e4rda l\u00f6sningar f\u00f6r alla dina kreativitetsbehov<\/strong><\/h3>\n\n\n\n<p style=\"font-size:18px\">Det omr\u00e5de vi \u00e4r mest fokuserade p\u00e5 \u00e4r webbdesign. Vi bygger webbplatser som \u00e4r l\u00e4tta att navigera och grafiskt tilltalande. Vi erbjuder tv\u00e5 olika alternativ, dynamiska och statiska webbsidor. Statisk hemsida \u00e4r en s\u00e5 kallad fast webbplats.<\/p>\n<\/div>\n<\/div>\n\n<\/div>\n\n<div class=\"gb-container gb-container-bf062d63\">\n\n<div class=\"wp-block-columns is-layout-flex wp-container-core-columns-is-layout-9d6595d7 wp-block-columns-is-layout-flex\">\n<div class=\"wp-block-column is-layout-flow wp-block-column-is-layout-flow\">\n<h3 class=\"wp-block-heading\"><strong>Webbdesign<\/strong><\/h3>\n\n\n\n<p style=\"font-size:18px\">Vi anv\u00e4nder grafisk design som Adobe Photoshop, Illustrator och InDesign f\u00f6r att skapa logotyper, grafik och layout som best\u00e4mmer utseendet p\u00e5 en webbplats. Vackra skr\u00e4ddarsydda m\u00f6nster skr\u00e4ddarsydda f\u00f6r ditt f\u00f6retag. Mobilanpassat f\u00f6r optimal visning p\u00e5 vilken enhet som helst.<\/p>\n<\/div>\n\n\n\n<div class=\"wp-block-column is-layout-flow wp-block-column-is-layout-flow\">\n<h3 class=\"gb-headline gb-headline-7c66fc23 gb-headline-text\"><strong>Grafisk design<\/strong><\/h3>\n\n\n\n<p style=\"font-size:18px\">De viktigaste sakerna \u00e4r inte saker. S\u00e5 vi ska utforma erfarenheter. Vi utformar den erfarenhet du vill ha. Om du letar efter grafisk designinspiration, har du kommit till r\u00e4tt st\u00e4lle! Observationsf\u00f6rm\u00e5ga och analytiskt t\u00e4nkande \u00e4r viktiga verktyg f\u00f6r grafisk design. Vi anv\u00e4nder en m\u00e4ngd olika metoder f\u00f6r att kombinera konst och teknik f\u00f6r att kommunicera ett visst budskap och skapa en imponerande visuell.<\/p>\n<\/div>\n<\/div>\n\n<\/div>\n\n\n<figure class=\"wp-block-image\"><img loading=\"lazy\" decoding=\"async\" width=\"2497\" height=\"1500\" src=\"https:\/\/groding-com.preview-domain.com\/wp-content\/uploads\/2018\/10\/pexels-photo-257897.jpeg\" alt=\"\" class=\"wp-image-111\" srcset=\"https:\/\/groding.com\/wp-content\/uploads\/2018\/10\/pexels-photo-257897.jpeg 2497w, https:\/\/groding.com\/wp-content\/uploads\/2018\/10\/pexels-photo-257897-300x180.jpeg 300w, https:\/\/groding.com\/wp-content\/uploads\/2018\/10\/pexels-photo-257897-1024x615.jpeg 1024w, https:\/\/groding.com\/wp-content\/uploads\/2018\/10\/pexels-photo-257897-768x461.jpeg 768w, https:\/\/groding.com\/wp-content\/uploads\/2018\/10\/pexels-photo-257897-1536x923.jpeg 1536w, https:\/\/groding.com\/wp-content\/uploads\/2018\/10\/pexels-photo-257897-2048x1230.jpeg 2048w\" sizes=\"auto, (max-width: 2497px) 100vw, 2497px\" \/><\/figure>\n\n\n\n<div class=\"wp-block-columns is-layout-flex wp-container-core-columns-is-layout-9d6595d7 wp-block-columns-is-layout-flex\">\n<div class=\"wp-block-column is-layout-flow wp-block-column-is-layout-flow\">\n<h3 class=\"gb-headline gb-headline-4a8c2e8f gb-headline-text\"><strong>Skapande av slogans<\/strong><\/h3>\n\n\n\n<p style=\"font-size:18px\">Vi skapar ett tilltalande budskap som speglar hur du vill att ditt f\u00f6retag ska uppfattas. Konsekvent branding \u00e4r viktig om du \u00e4r ett litet f\u00f6retag eller ett hush\u00e5llsnamn. Se till att dina f\u00f6retagslogotyper kompletterar din befintliga logotyp, f\u00f6retagsnamn och projicerade bild. Om du skapar en ny produkt eller aff\u00e4rsslagord, beh\u00f6ver ni ha n\u00e5got som representerar ditt varum\u00e4rke och \u00e4r l\u00e4tt att komma ih\u00e5g.<\/p>\n<\/div>\n\n\n\n<div class=\"wp-block-column is-layout-flow wp-block-column-is-layout-flow\">\n<h3 class=\"gb-headline gb-headline-6e75cf80 gb-headline-text\"><strong>SEO<\/strong><\/h3>\n\n\n\n<p style=\"font-size:18px\">SEO st\u00e5r f\u00f6r \u201ds\u00f6kmotoroptimering.\u201d Det \u00e4r processen att f\u00e5 trafik fr\u00e5n \u201dgratis\u201d, \u201dorganiska\u201d, \u201dredaktionella\u201d eller \u201dnaturliga\u201d s\u00f6kresultat p\u00e5 s\u00f6kmotorer.<br>Alla st\u00f6rre s\u00f6kmotorer som Google, Bing och Yahoo har prim\u00e4ra s\u00f6kresultat, d\u00e4r webbsidor och annat inneh\u00e5ll som video eller lokala listor visas och rankas utifr\u00e5n vad s\u00f6kmotorn anser mest relevanta f\u00f6r anv\u00e4ndarna.<\/p>\n<\/div>\n<\/div>\n\n\n\n<div class=\"wp-block-columns is-layout-flex wp-container-core-columns-is-layout-9d6595d7 wp-block-columns-is-layout-flex\">\n<div class=\"wp-block-column is-layout-flow wp-block-column-is-layout-flow\">\n<h3 class=\"gb-headline gb-headline-8326e951 gb-headline-text\"><strong>Datainsamling<\/strong><\/h3>\n\n\n\n<p style=\"font-size:18px\">Vi utformar, hanterar och utvecklar anpassade webbapplikationer som passar dig.<\/p>\n<\/div>\n\n\n\n<div class=\"wp-block-column is-layout-flow wp-block-column-is-layout-flow\">\n<h3 class=\"gb-headline gb-headline-67fc4cb7 gb-headline-text\"><strong>S\u00f6kmotor<\/strong><\/h3>\n\n\n\n<p style=\"font-size:18px\">Vi inspirerar, skapar och publicerar ditt webbprojekt.<\/p>\n<\/div>\n<\/div>\n\n\n\n<div class=\"wp-block-columns is-layout-flex wp-container-core-columns-is-layout-9d6595d7 wp-block-columns-is-layout-flex\">\n<div class=\"wp-block-column is-layout-flow wp-block-column-is-layout-flow\">\n<h3 class=\"gb-headline gb-headline-970b49c8 gb-headline-text\"><strong>Responsiv design<\/strong><\/h3>\n\n\n\n<p style=\"font-size:18px\">M\u00e5let med lyh\u00f6rd design \u00e4r att undvika on\u00f6dig resizing, rullning, zoomning eller panorering som uppst\u00e5r med webbplatser som inte har optimerats f\u00f6r olika enheter. Det \u00e4r ofta mycket sv\u00e5rt att navigera p\u00e5 dessa platser, och det kan till och med kosta dig potentiella kunder som blir frustrerade n\u00e4r de f\u00f6rs\u00f6ker lista ut hur man g\u00f6r n\u00e5got. Vi kan hj\u00e4lpa dig att \u00e4ndra din webbplats f\u00f6r att bli responsiv eller g\u00f6ra dig till en ny webbplats som \u00e4r fr\u00e5n b\u00f6rjan responsiv.<\/p>\n<\/div>\n\n\n\n<div class=\"wp-block-column is-layout-flow wp-block-column-is-layout-flow\">\n<h3 class=\"gb-headline gb-headline-99f3fd1b gb-headline-text\"><strong>Social Media<\/strong><\/h3>\n\n\n\n<p style=\"font-size:18px\">Social media marknadsf\u00f6ring \u00e4r ett kraftfullt s\u00e4tt f\u00f6r f\u00f6retag av alla storlekar f\u00f6r att n\u00e5 fram till kunder och kunder. Dina kunder interagerar redan med varum\u00e4rken via sociala medier, och om du inte pratar direkt till din publik via sociala plattformar, saknar du dig! Bra marknadsf\u00f6ring p\u00e5 sociala medier kan ge framg\u00e5ng till ditt f\u00f6retag, skapa h\u00e4ngivna varum\u00e4rkesf\u00f6respr\u00e5kare och till och med driva ledningar och f\u00f6rs\u00e4ljning.<\/p>\n<\/div>\n<\/div>\n\n\n\n<figure class=\"wp-block-image size-large\"><img loading=\"lazy\" decoding=\"async\" width=\"1024\" height=\"381\" src=\"https:\/\/groding.com\/wp-content\/uploads\/2020\/01\/1212121v4-2-1024x381.jpg\" alt=\"Osa asiakkaamme\" class=\"wp-image-839\" srcset=\"https:\/\/groding.com\/wp-content\/uploads\/2020\/01\/1212121v4-2-1024x381.jpg 1024w, https:\/\/groding.com\/wp-content\/uploads\/2020\/01\/1212121v4-2-300x112.jpg 300w, https:\/\/groding.com\/wp-content\/uploads\/2020\/01\/1212121v4-2-768x286.jpg 768w, https:\/\/groding.com\/wp-content\/uploads\/2020\/01\/1212121v4-2.jpg 1046w\" sizes=\"auto, (max-width: 1024px) 100vw, 1024px\" \/><\/figure>\n\n\n\n<h3 class=\"wp-block-heading\">Kontakta oss g\u00e4rna via v\u00e5rt formul\u00e4r nedan:<\/h3>\n\n\n\n<div class=\"wpcf7 no-js\" id=\"wpcf7-f1065-o1\" lang=\"en-US\" dir=\"ltr\" data-wpcf7-id=\"1065\">\n<div class=\"screen-reader-response\"><p role=\"status\" aria-live=\"polite\" aria-atomic=\"true\"><\/p> <ul><\/ul><\/div>\n<form action=\"\/index.php?rest_route=%2Fwp%2Fv2%2Fpages%2F1054#wpcf7-f1065-o1\" method=\"post\" class=\"wpcf7-form init\" aria-label=\"Contact form\" novalidate=\"novalidate\" data-status=\"init\">\n<fieldset class=\"hidden-fields-container\"><input type=\"hidden\" name=\"_wpcf7\" value=\"1065\" \/><input type=\"hidden\" name=\"_wpcf7_version\" value=\"6.1.5\" \/><input type=\"hidden\" name=\"_wpcf7_locale\" value=\"en_US\" \/><input type=\"hidden\" name=\"_wpcf7_unit_tag\" value=\"wpcf7-f1065-o1\" \/><input type=\"hidden\" name=\"_wpcf7_container_post\" value=\"0\" \/><input type=\"hidden\" name=\"_wpcf7_posted_data_hash\" value=\"\" \/><input type=\"hidden\" name=\"_wpcf7_recaptcha_response\" value=\"\" \/>\n<\/fieldset>\n<p><label> Ditt namn (obligatorisk)<br \/>\n<span class=\"wpcf7-form-control-wrap\" data-name=\"your-name\"><input size=\"40\" maxlength=\"400\" class=\"wpcf7-form-control wpcf7-text wpcf7-validates-as-required\" aria-required=\"true\" aria-invalid=\"false\" value=\"\" type=\"text\" name=\"your-name\" \/><\/span> <\/label>\n<\/p>\n<p><label> Din e-post (obligatorisk)<br \/>\n<span class=\"wpcf7-form-control-wrap\" data-name=\"your-email\"><input size=\"40\" maxlength=\"400\" class=\"wpcf7-form-control wpcf7-email wpcf7-validates-as-required wpcf7-text wpcf7-validates-as-email\" aria-required=\"true\" aria-invalid=\"false\" value=\"\" type=\"email\" name=\"your-email\" \/><\/span> <\/label>\n<\/p>\n<p><label> \u00c4mne<br \/>\n<span class=\"wpcf7-form-control-wrap\" data-name=\"your-subject\"><input size=\"40\" maxlength=\"400\" class=\"wpcf7-form-control wpcf7-text\" aria-invalid=\"false\" value=\"\" type=\"text\" name=\"your-subject\" \/><\/span> <\/label>\n<\/p>\n<p><label> Ditt meddelande<br \/>\n<span class=\"wpcf7-form-control-wrap\" data-name=\"your-message\"><textarea cols=\"40\" rows=\"10\" maxlength=\"2000\" class=\"wpcf7-form-control wpcf7-textarea\" aria-invalid=\"false\" name=\"your-message\"><\/textarea><\/span> <\/label>\n<\/p>\n<p><input class=\"wpcf7-form-control wpcf7-submit has-spinner\" type=\"submit\" value=\"Skicka\" \/>\n<\/p><div class=\"wpcf7-response-output\" aria-hidden=\"true\"><\/div>\n<\/form>\n<\/div>\n\n","protected":false},"excerpt":{"rendered":"<p>Webbutveckling Vi erbjuder en webbutvecklingstj\u00e4nst som g\u00f6r det m\u00f6jligt f\u00f6r din f\u00f6rs\u00e4ljning att v\u00e4xa och hj\u00e4lpa dig att expandera verksamheten. Om du \u00e4r nyb\u00f6rjare kan webbutveckling vara utmanande \u2013 vi l\u00e4r dig och ger tillr\u00e4ckligt med detaljer f\u00f6r att du ska trivas och l\u00e4ra dig det. Alternativ tv\u00e5 \u00e4r att vi g\u00f6r allt f\u00f6r dig &#8230; <a title=\"Framsida\" class=\"read-more\" href=\"https:\/\/groding.com\/?page_id=1054&#038;lang=sv\" aria-label=\"Read more about Framsida\">Read more<\/a><\/p>\n","protected":false},"author":1,"featured_media":0,"parent":0,"menu_order":0,"comment_status":"closed","ping_status":"closed","template":"","meta":{"_uag_custom_page_level_css":"","footnotes":""},"class_list":["post-1054","page","type-page","status-publish"],"uagb_featured_image_src":{"full":false,"thumbnail":false,"medium":false,"medium_large":false,"large":false,"1536x1536":false,"2048x2048":false},"uagb_author_info":{"display_name":"admin4431","author_link":"https:\/\/groding.com\/?author=1"},"uagb_comment_info":0,"uagb_excerpt":"Webbutveckling Vi erbjuder en webbutvecklingstj\u00e4nst som g\u00f6r det m\u00f6jligt f\u00f6r din f\u00f6rs\u00e4ljning att v\u00e4xa och hj\u00e4lpa dig att expandera verksamheten. Om du \u00e4r nyb\u00f6rjare kan webbutveckling vara utmanande \u2013 vi l\u00e4r dig och ger tillr\u00e4ckligt med detaljer f\u00f6r att du ska trivas och l\u00e4ra dig det. Alternativ tv\u00e5 \u00e4r att vi g\u00f6r allt f\u00f6r dig&hellip;","_links":{"self":[{"href":"https:\/\/groding.com\/index.php?rest_route=\/wp\/v2\/pages\/1054","targetHints":{"allow":["GET"]}}],"collection":[{"href":"https:\/\/groding.com\/index.php?rest_route=\/wp\/v2\/pages"}],"about":[{"href":"https:\/\/groding.com\/index.php?rest_route=\/wp\/v2\/types\/page"}],"author":[{"embeddable":true,"href":"https:\/\/groding.com\/index.php?rest_route=\/wp\/v2\/users\/1"}],"replies":[{"embeddable":true,"href":"https:\/\/groding.com\/index.php?rest_route=%2Fwp%2Fv2%2Fcomments&post=1054"}],"version-history":[{"count":7,"href":"https:\/\/groding.com\/index.php?rest_route=\/wp\/v2\/pages\/1054\/revisions"}],"predecessor-version":[{"id":1120,"href":"https:\/\/groding.com\/index.php?rest_route=\/wp\/v2\/pages\/1054\/revisions\/1120"}],"wp:attachment":[{"href":"https:\/\/groding.com\/index.php?rest_route=%2Fwp%2Fv2%2Fmedia&parent=1054"}],"curies":[{"name":"wp","href":"https:\/\/api.w.org\/{rel}","templated":true}]}}